{"id":130,"date":"2025-08-12T14:25:59","date_gmt":"2025-08-12T12:25:59","guid":{"rendered":"https:\/\/www.boueebleue.fr\/?page_id=130"},"modified":"2026-02-12T16:00:57","modified_gmt":"2026-02-12T14:00:57","slug":"bouee-bleue","status":"publish","type":"page","link":"https:\/\/www.boueebleue.fr\/index.php\/bouee-bleue\/","title":{"rendered":"Bou\u00e9e Bleue"},"content":{"rendered":"\t\t<div data-elementor-type=\"wp-page\" data-elementor-id=\"130\" class=\"elementor elementor-130\">\n\t\t\t\t<div class=\"elementor-element elementor-element-06f0f84 e-flex e-con-boxed e-con e-parent\" data-id=\"06f0f84\" data-element_type=\"container\">\n\t\t\t\t\t<div class=\"e-con-inner\">\n\t\t\t\t<div class=\"elementor-element elementor-element-62bf7ad elementor-widget elementor-widget-heading\" data-id=\"62bf7ad\" data-element_type=\"widget\" data-widget_type=\"heading.default\">\n\t\t\t\t\t<h2 class=\"elementor-heading-title elementor-size-default\"><b>BOU\u00c9E BLEUE<\/b><\/h2>\t\t\t\t<\/div>\n\t\t\t\t<div class=\"elementor-element elementor-element-0bf7c87 elementor-widget elementor-widget-image\" data-id=\"0bf7c87\" data-element_type=\"widget\" data-widget_type=\"image.default\">\n\t\t\t\t\t\t\t\t\t\t\t\t\t\t\t<img fetchpriority=\"high\" decoding=\"async\" width=\"1024\" height=\"576\" src=\"https:\/\/www.boueebleue.fr\/wp-content\/uploads\/2026\/02\/bouee-bleue-extrait.png\" class=\"attachment-large size-large wp-image-301\" alt=\"homme qui sourit\" srcset=\"https:\/\/www.boueebleue.fr\/wp-content\/uploads\/2026\/02\/bouee-bleue-extrait.png 1024w, https:\/\/www.boueebleue.fr\/wp-content\/uploads\/2026\/02\/bouee-bleue-extrait-300x169.png 300w, https:\/\/www.boueebleue.fr\/wp-content\/uploads\/2026\/02\/bouee-bleue-extrait-768x432.png 768w\" sizes=\"(max-width: 1024px) 100vw, 1024px\" \/>\t\t\t\t\t\t\t\t\t\t\t\t\t\t\t<\/div>\n\t\t\t\t\t<\/div>\n\t\t\t\t<\/div>\n\t\t<div class=\"elementor-element elementor-element-cac021d e-flex e-con-boxed e-con e-parent\" data-id=\"cac021d\" data-element_type=\"container\">\n\t\t\t\t\t<div class=\"e-con-inner\">\n\t\t\t\t<div class=\"elementor-element elementor-element-c327b0a elementor-widget elementor-widget-text-editor\" data-id=\"c327b0a\" data-element_type=\"widget\" data-widget_type=\"text-editor.default\">\n\t\t\t\t\t\t\t\t\t<p><em>Un jour d&rsquo;\u00e9t\u00e9, Emmanuel et son fils vont \u00e0 la plage pour se d\u00e9tendre<\/em>, l<em>orsque sa femme, d\u00e9funte quelques ann\u00e9es auparavant, r\u00e9apparait \u00e0 ses yeux.<\/em><\/p>\t\t\t\t\t\t\t\t<\/div>\n\t\t\t\t\t<\/div>\n\t\t\t\t<\/div>\n\t\t<div class=\"elementor-element elementor-element-1762493 e-flex e-con-boxed e-con e-parent\" data-id=\"1762493\" data-element_type=\"container\">\n\t\t\t\t\t<div class=\"e-con-inner\">\n\t\t<div class=\"elementor-element elementor-element-d9750e5 e-con-full e-flex e-con e-child\" data-id=\"d9750e5\" data-element_type=\"container\">\n\t\t\t\t<div class=\"elementor-element elementor-element-4c760ed elementor-widget elementor-widget-image\" data-id=\"4c760ed\" data-element_type=\"widget\" data-widget_type=\"image.default\">\n\t\t\t\t\t\t\t\t\t\t\t\t\t\t\t<img decoding=\"async\" width=\"597\" height=\"896\" src=\"https:\/\/www.boueebleue.fr\/wp-content\/uploads\/2025\/08\/bouee-bleue.png\" class=\"attachment-large size-large wp-image-299\" alt=\"affiche bou\u00e9e bleue\" srcset=\"https:\/\/www.boueebleue.fr\/wp-content\/uploads\/2025\/08\/bouee-bleue.png 597w, https:\/\/www.boueebleue.fr\/wp-content\/uploads\/2025\/08\/bouee-bleue-200x300.png 200w\" sizes=\"(max-width: 597px) 100vw, 597px\" \/>\t\t\t\t\t\t\t\t\t\t\t\t\t\t\t<\/div>\n\t\t\t\t<\/div>\n\t\t<div class=\"elementor-element elementor-element-8d9749d e-con-full e-flex e-con e-child\" data-id=\"8d9749d\" data-element_type=\"container\">\n\t\t\t\t<div class=\"elementor-element elementor-element-87a5329 elementor-widget elementor-widget-text-editor\" data-id=\"87a5329\" data-element_type=\"widget\" data-widget_type=\"text-editor.default\">\n\t\t\t\t\t\t\t\t\t<p>R\u00e9alisation : <strong>Math\u00e9o GAUTIER<\/strong><\/p>\n<p><\/p>\n<p><\/p>\n<p><\/p>\n<p><\/p>\n<p>5 min &#8211; fiction \/ Com\u00e9die dramatique \/ <strong>2024<\/strong><\/p>\n<p>Avec <strong>Sylvain GIGONZAC<\/strong>, <strong>Corinne CHARVET<\/strong> et <strong>Fanch LE ROY-M\u00c9TRAS<\/strong><\/p>\n<p style=\"font-style: normal; font-weight: 300;\"><em>soutenu par la r\u00e9gion Nouvelle-Aquitaine, La Rochelle Universit\u00e9, <\/em><br \/><em>La CVEC, le CROUS de Poitiers et le dispositif Projets Jeunes <\/em><br \/><em>de la Charente Maritime<\/em><\/p>\n<p><\/p>\n<p><\/p>\n<p><\/p>\n<p><\/p>\n<p><strong>S\u00e9lectionn\u00e9 au COLIFFE Festival de Rome &#8211; D\u00e9cembre 2024<\/strong><\/p>\n<p>P\u00e9riode de production : <strong>janvier 2023 \u00e0 mars 2024<\/strong><br \/>Tournage \u00e0 la Rochelle en <strong>ao\u00fbt 2023<\/strong><br \/><strong>Sortie en mars 2024<\/strong>, distribu\u00e9 par Bou\u00e9e Bleue Productions<\/p>\t\t\t\t\t\t\t\t<\/div>\n\t\t\t\t<\/div>\n\t\t\t\t\t<\/div>\n\t\t\t\t<\/div>\n\t\t<div class=\"elementor-element elementor-element-5d7cc14 e-flex e-con-boxed e-con e-parent\" data-id=\"5d7cc14\" data-element_type=\"container\">\n\t\t\t\t\t<div class=\"e-con-inner\">\n\t\t\t\t<div class=\"elementor-element elementor-element-042524e elementor-widget elementor-widget-heading\" data-id=\"042524e\" data-element_type=\"widget\" data-widget_type=\"heading.default\">\n\t\t\t\t\t<h2 class=\"elementor-heading-title elementor-size-default\">L'\u00e9quipe technique<\/h2>\t\t\t\t<\/div>\n\t\t\t\t\t<\/div>\n\t\t\t\t<\/div>\n\t\t<div class=\"elementor-element elementor-element-0c6efa5 e-flex e-con-boxed e-con e-parent\" data-id=\"0c6efa5\" data-element_type=\"container\">\n\t\t\t\t\t<div class=\"e-con-inner\">\n\t\t<div class=\"elementor-element elementor-element-9f6229c e-con-full e-flex e-con e-child\" data-id=\"9f6229c\" data-element_type=\"container\">\n\t\t\t\t<div class=\"elementor-element elementor-element-144e5af elementor-widget elementor-widget-text-editor\" data-id=\"144e5af\" data-element_type=\"widget\" data-widget_type=\"text-editor.default\">\n\t\t\t\t\t\t\t\t\t<p>L\u2019\u00e9quipe technique du film est compos\u00e9e d\u2019\u00e9tudiants en cin\u00e9ma, d\u2019autodidactes et de professionnels.<br \/>Un m\u00e9lange parfait r\u00e9unissant des personnes motiv\u00e9es par l&rsquo;ambition de faire du cin\u00e9ma.<\/p>\n<p>Sc\u00e9nario : <strong>Math\u00e9o GAUTIER<\/strong><br \/>avec la collaboration de <strong>Corinne CHARVET<\/strong><\/p>\n<p>aid\u00e9 et conseill\u00e9 par <strong>Coolisses<\/strong><\/p>\t\t\t\t\t\t\t\t<\/div>\n\t\t\t\t<\/div>\n\t\t<div class=\"elementor-element elementor-element-5b5ace7 e-con-full e-flex e-con e-child\" data-id=\"5b5ace7\" data-element_type=\"container\">\n\t\t\t\t<div class=\"elementor-element elementor-element-65bc0a0 elementor-widget elementor-widget-image\" data-id=\"65bc0a0\" data-element_type=\"widget\" data-widget_type=\"image.default\">\n\t\t\t\t\t\t\t\t\t\t\t\t\t\t\t<img decoding=\"async\" width=\"1024\" height=\"683\" src=\"https:\/\/www.boueebleue.fr\/wp-content\/uploads\/2026\/02\/bouee-1024x683.jpg\" class=\"attachment-large size-large wp-image-302\" alt=\"\" srcset=\"https:\/\/www.boueebleue.fr\/wp-content\/uploads\/2026\/02\/bouee-1024x683.jpg 1024w, https:\/\/www.boueebleue.fr\/wp-content\/uploads\/2026\/02\/bouee-300x200.jpg 300w, https:\/\/www.boueebleue.fr\/wp-content\/uploads\/2026\/02\/bouee-768x512.jpg 768w, https:\/\/www.boueebleue.fr\/wp-content\/uploads\/2026\/02\/bouee-1536x1025.jpg 1536w, https:\/\/www.boueebleue.fr\/wp-content\/uploads\/2026\/02\/bouee-2048x1367.jpg 2048w\" sizes=\"(max-width: 1024px) 100vw, 1024px\" \/>\t\t\t\t\t\t\t\t\t\t\t\t\t\t\t<\/div>\n\t\t\t\t<\/div>\n\t\t\t\t\t<\/div>\n\t\t\t\t<\/div>\n\t\t<div class=\"elementor-element elementor-element-6cbc4e1 e-flex e-con-boxed e-con e-parent\" data-id=\"6cbc4e1\" data-element_type=\"container\">\n\t\t\t\t\t<div class=\"e-con-inner\">\n\t\t<div class=\"elementor-element elementor-element-cfb65b2 e-con-full e-flex e-con e-child\" data-id=\"cfb65b2\" data-element_type=\"container\">\n\t\t\t\t<div class=\"elementor-element elementor-element-cfb2c08 elementor-widget elementor-widget-text-editor\" data-id=\"cfb2c08\" data-element_type=\"widget\" data-widget_type=\"text-editor.default\">\n\t\t\t\t\t\t\t\t\t<p>Assistante r\u00e9alisateur :\u00a0<strong>Fr\u00e9d\u00e9rique BIRON<\/strong><br \/>Scripte :\u00a0<strong>Valiha RAKOTOMALALA<\/strong><br \/>R\u00e9gie :<strong>Aur\u00e9lia DUBOIS<\/strong><br \/>Chef-op\u00e9rateur et image :\u00a0<strong>Louis LEBEAU<\/strong><br \/>assist\u00e9 par\u00a0<strong>Baptiste PIGOT<\/strong>\u00a0et\u00a0<strong>Coralie<\/strong><\/p>\t\t\t\t\t\t\t\t<\/div>\n\t\t\t\t<\/div>\n\t\t<div class=\"elementor-element elementor-element-294863b e-con-full e-flex e-con e-child\" data-id=\"294863b\" data-element_type=\"container\">\n\t\t\t\t<div class=\"elementor-element elementor-element-7062fd2 elementor-widget elementor-widget-text-editor\" data-id=\"7062fd2\" data-element_type=\"widget\" data-widget_type=\"text-editor.default\">\n\t\t\t\t\t\t\t\t\t<p>Ing\u00e9nieur son :\u00a0<strong>Antoine RICHER<\/strong><br \/>Montage image :\u00a0<strong>Gabriel HUMEAU<\/strong><br \/>Mixage son, Sound-design et musique originale :\u00a0<strong>Chris MUNDI<\/strong><br \/>Photographe de plateau et renfort :<strong>L\u00e9o THOMAS<\/strong><\/p>\t\t\t\t\t\t\t\t<\/div>\n\t\t\t\t<\/div>\n\t\t\t\t\t<\/div>\n\t\t\t\t<\/div>\n\t\t<div class=\"elementor-element elementor-element-46cb354 e-flex e-con-boxed e-con e-parent\" data-id=\"46cb354\" data-element_type=\"container\">\n\t\t\t\t\t<div class=\"e-con-inner\">\n\t\t\t\t<div class=\"elementor-element elementor-element-f81fef9 elementor-widget-divider--view-line elementor-widget elementor-widget-divider\" data-id=\"f81fef9\" data-element_type=\"widget\" data-widget_type=\"divider.default\">\n\t\t\t\t\t\t\t<div class=\"elementor-divider\">\n\t\t\t<span class=\"elementor-divider-separator\">\n\t\t\t\t\t\t<\/span>\n\t\t<\/div>\n\t\t\t\t\t\t<\/div>\n\t\t\t\t<div class=\"elementor-element elementor-element-055d945 elementor-widget elementor-widget-video\" data-id=\"055d945\" data-element_type=\"widget\" data-settings=\"{&quot;youtube_url&quot;:&quot;https:\\\/\\\/youtu.be\\\/1mIgsBFHH30?si=owb7k3fdoARohCNV&quot;,&quot;video_type&quot;:&quot;youtube&quot;,&quot;controls&quot;:&quot;yes&quot;}\" data-widget_type=\"video.default\">\n\t\t\t\t\t\t\t<div class=\"elementor-wrapper elementor-open-inline\">\n\t\t\t<div class=\"elementor-video\"><\/div>\t\t<\/div>\n\t\t\t\t\t\t<\/div>\n\t\t\t\t\t<\/div>\n\t\t\t\t<\/div>\n\t\t\t\t<\/div>\n\t\t","protected":false},"excerpt":{"rendered":"<p>BOU\u00c9E BLEUE Un jour d&rsquo;\u00e9t\u00e9, Emmanuel et son fils vont \u00e0 la plage pour se d\u00e9tendre, lorsque sa femme, d\u00e9funte quelques ann\u00e9es auparavant, r\u00e9apparait \u00e0 ses yeux. R\u00e9alisation : Math\u00e9o GAUTIER 5 min &#8211; fiction \/ Com\u00e9die dramatique \/ 2024 Avec Sylvain GIGONZAC, Corinne CHARVET et Fanch LE ROY-M\u00c9TRAS soutenu par la r\u00e9gion Nouvelle-Aquitaine, La [&hellip;]<\/p>\n","protected":false},"author":1,"featured_media":0,"parent":0,"menu_order":0,"comment_status":"closed","ping_status":"closed","template":"","meta":{"footnotes":""},"class_list":["post-130","page","type-page","status-publish","hentry"],"_links":{"self":[{"href":"https:\/\/www.boueebleue.fr\/index.php\/wp-json\/wp\/v2\/pages\/130","targetHints":{"allow":["GET"]}}],"collection":[{"href":"https:\/\/www.boueebleue.fr\/index.php\/wp-json\/wp\/v2\/pages"}],"about":[{"href":"https:\/\/www.boueebleue.fr\/index.php\/wp-json\/wp\/v2\/types\/page"}],"author":[{"embeddable":true,"href":"https:\/\/www.boueebleue.fr\/index.php\/wp-json\/wp\/v2\/users\/1"}],"replies":[{"embeddable":true,"href":"https:\/\/www.boueebleue.fr\/index.php\/wp-json\/wp\/v2\/comments?post=130"}],"version-history":[{"count":20,"href":"https:\/\/www.boueebleue.fr\/index.php\/wp-json\/wp\/v2\/pages\/130\/revisions"}],"predecessor-version":[{"id":313,"href":"https:\/\/www.boueebleue.fr\/index.php\/wp-json\/wp\/v2\/pages\/130\/revisions\/313"}],"wp:attachment":[{"href":"https:\/\/www.boueebleue.fr\/index.php\/wp-json\/wp\/v2\/media?parent=130"}],"curies":[{"name":"wp","href":"https:\/\/api.w.org\/{rel}","templated":true}]}}